{"id":3796,"date":"2019-10-07T18:10:36","date_gmt":"2019-10-07T18:10:36","guid":{"rendered":"https:\/\/ludas.be\/fr\/?page_id=3796"},"modified":"2019-11-19T09:12:50","modified_gmt":"2019-11-19T09:12:50","slug":"point-de-vente","status":"publish","type":"page","link":"https:\/\/ludas.be\/fr\/point-de-vente\/","title":{"rendered":"Point de vente"},"content":{"rendered":"\n<h2 class=\"hoofd\">Magasins en Belgique&nbsp;<a href=\"https:\/\/ludas.be\/wp-content\/uploads\/2018\/08\/belgium-flag-small.png\"><img loading=\"lazy\" decoding=\"async\" class=\"alignnone wp-image-2701 \" style=\"font-family: -apple-system, BlinkMacSystemFont, 'Segoe UI', Roboto, Oxygen-Sans, Ubuntu, Cantarell, 'Helvetica Neue', sans-serif; font-size: 16px;\" src=\"https:\/\/ludas.be\/wp-content\/uploads\/2018\/08\/belgium-flag-small-300x260.png\" alt=\"\" width=\"30\" height=\"26\"><\/a><\/h2>\n<div class=\"row\"  id=\"row-393462305\">\n\n\n\t<div id=\"col-1025371160\" class=\"col bloki medium-4 small-12 large-4\"  >\n\t\t<div class=\"col-inner\"  >\n\t\t\t\n\t\t\t\n\n<p style=\"text-align: center;\"><strong>L&amp;L Oost-Europa Grozny<\/strong><br \/>Oost-Europese supermarkt<br \/><a href=\"https:\/\/goo.gl\/maps\/nMMNGy3wi3M2\" target=\"_blank\" rel=\"noopener noreferrer\">Noordstraat 48&nbsp; 8500 Kortrijk&nbsp;Belgi\u00eb<\/a><br \/>Tel: +32 562 962 31 of&nbsp;+32 485 102 223<br \/>e-mail: grozny.kortrijk@gmail.com<\/p>\n\n\t\t<\/div>\n\t\t\n<style>\n#col-1025371160 > .col-inner {\n  padding: 40px 0px 0px 0px;\n}\n<\/style>\n\t<\/div>\n\n\t\n\n\t<div id=\"col-1012622247\" class=\"col bloki medium-4 small-12 large-4\"  >\n\t\t<div class=\"col-inner\"  >\n\t\t\t\n\t\t\t\n\n<p style=\"text-align: center;\"><span style=\"font-size: 14pt;\"><strong>Sojuz&nbsp;Russische Winkel<\/strong><\/span><br \/>\n<a href=\"https:\/\/goo.gl\/maps\/4eApBAP9mbF2\" target=\"_blank\" rel=\"noopener noreferrer\">Nieuwpoortsesteenweg, 3 8400 Oostende, Belgi\u00eb<\/a><br \/>\nTel: +32 498 033975 of&nbsp;+32 594 397 75<\/p>\n<p><span data-mce-type=\"bookmark\" style=\"display: inline-block; width: 0px; overflow: hidden; line-height: 0;\" class=\"mce_SELRES_start\">\ufeff<\/span><\/p>\n\n\t\t<\/div>\n\t\t\n<style>\n#col-1012622247 > .col-inner {\n  padding: 40px 0px 0px 0px;\n}\n<\/style>\n\t<\/div>\n\n\t\n\n\t<div id=\"col-65217203\" class=\"col bloki medium-4 small-12 large-4\"  >\n\t\t<div class=\"col-inner\"  >\n\t\t\t\n\t\t\t\n\n<p style=\"text-align: center;\"><span style=\"font-size: 14pt;\"><strong>M-Markt<\/strong><\/span><br \/>\n<a href=\"https:\/\/goo.gl\/maps\/3uup9YFfwM22\" target=\"_blank\" rel=\"noopener noreferrer\">Onze-live Vrouwestraat 92 2800 Mechelen Belgi\u00eb<\/a><br \/>\nTel: +32 15636266 of&nbsp;+32 485 970201<br \/>\nwebsite: www.rumarkt.be<\/p>\n\n\t\t<\/div>\n\t\t\n<style>\n#col-65217203 > .col-inner {\n  padding: 40px 0px 0px 0px;\n}\n<\/style>\n\t<\/div>\n\n\t\n\n<\/div>\n\t<div id=\"gap-722100699\" class=\"gap-element clearfix\" style=\"display:block; height:auto;\">\n\t\t\n<style>\n#gap-722100699 {\n  padding-top: 14px;\n}\n<\/style>\n\t<\/div>\n\t\n\n<div class=\"row\"  id=\"row-661334677\">\n\n\n\t<div id=\"col-1463870723\" class=\"col bloki medium-4 small-12 large-4\"  >\n\t\t<div class=\"col-inner\"  >\n\t\t\t\n\t\t\t\n\n<p style=\"text-align: center;\"><span style=\"font-size: 14pt;\"><span style=\"color: #ff0000;\"><strong>Mini<\/strong><\/span><strong><span style=\"color: #3366ff;\"> Markt<\/span> <span style=\"color: #ff6600;\">Hayk<\/span><\/strong><\/span><br \/>\n<a href=\"https:\/\/goo.gl\/maps\/gNrcnjmJfXK2\">Avenue Henri Conscience, 259&nbsp;1140 Evere Belgi\u00eb<\/a><br \/>\nTel: +32 477 49 59 89 of&nbsp;+32 2 851 37 39<\/p>\n\n\t\t<\/div>\n\t\t\n<style>\n#col-1463870723 > .col-inner {\n  padding: 40px 0px 4px 0px;\n}\n<\/style>\n\t<\/div>\n\n\t\n\n\t<div id=\"col-777585825\" class=\"col bloki medium-4 small-12 large-4\"  >\n\t\t<div class=\"col-inner\"  >\n\t\t\t\n\t\t\t\n\n<p style=\"text-align: center;\"><span style=\"font-size: 14pt;\"><strong>Minimarkt Aram<\/strong><\/span><br \/>\n<a href=\"https:\/\/goo.gl\/maps\/m5884UFWJk62\" target=\"_blank\" rel=\"noopener noreferrer\">Avenue Henri Conscience 85, 1140 Evere, Belgi\u00eb<\/a><br \/>\nTel: +32 484 71 7826<br \/>\nFacebook:&nbsp;<a href=\"https:\/\/www.facebook.com\/serob.pogosyan.5\" target=\"_blank\" rel=\"noopener noreferrer\">facebook.com\/serob.pogosyan.5<\/a><\/p><\/p>\n\n\t\t<\/div>\n\t\t\n<style>\n#col-777585825 > .col-inner {\n  padding: 40px 0px 0px 0px;\n}\n<\/style>\n\t<\/div>\n\n\t\n\n\t<div id=\"col-622880374\" class=\"col bloki medium-4 small-12 large-4\"  >\n\t\t<div class=\"col-inner\"  >\n\t\t\t\n\t\t\t\n\n<p style=\"text-align: center;\"><span style=\"font-size: 14pt;\"><strong>Mini Mix<\/strong><\/span><br \/>\nOost-Europese supermarkt<\/p>\n<p><a href=\"https:\/\/goo.gl\/maps\/zhpRF8ZsDzR2\" target=\"_blank\" rel=\"noopener noreferrer\">Quai du Roi Albert 115 4020 Li\u00e8ge<\/a><br \/>\ne-mail: west@monolith-gruppe.com<br \/>\nwww.mixmarkt.eu<\/p>\n\n\t\t<\/div>\n\t\t\n<style>\n#col-622880374 > .col-inner {\n  padding: 0px 0px 0px 0px;\n}\n<\/style>\n\t<\/div>\n\n\t\n\n\n<style>\n#row-661334677 > .col > .col-inner {\n  padding: 0px 0px 0px 0px;\n}\n<\/style>\n<\/div>\n\t<div id=\"gap-234007002\" class=\"gap-element clearfix\" style=\"display:block; height:auto;\">\n\t\t\n<style>\n#gap-234007002 {\n  padding-top: 14px;\n}\n<\/style>\n\t<\/div>\n\t\n\n<div class=\"row\"  id=\"row-706030141\">\n\n\n\t<div id=\"col-1125871308\" class=\"col bloki medium-4 small-12 large-4\"  >\n\t\t<div class=\"col-inner\"  >\n\t\t\t\n\t\t\t\n\n<p style=\"text-align: center;\"><span style=\"font-size: 14pt;\"><strong>Royal Armenia mini market<\/strong><\/span><br \/>\nProduits Russes Armeniens et Orientaux<br \/>\nAdres: <a href=\"https:\/\/goo.gl\/maps\/hc4VQS4L6XJ2\" target=\"_blank\" rel=\"noopener noreferrer\">L\u00e9on Theodorstraat 168, 1090 Brussel, Belgi\u00eb<\/a><br \/>\nTel: +32 476 583 951 of +32 485 458 641<br \/>\nFacebook:&nbsp;<a href=\"https:\/\/www.facebook.com\/ROYAL-Armenia-2049101711975510\/\" target=\"_blank\" rel=\"noopener noreferrer\">facebook.com\/ROYAL-Armenia<\/a><br \/>\n<a href=\"http:\/\/www.royalarmenia.be\/\" target=\"_blank\" rel=\"noopener noreferrer\">www.royalarmenia.be<\/a><\/p>\n\n\t\t<\/div>\n\t\t\n<style>\n#col-1125871308 > .col-inner {\n  padding: 40px 0px 0px 0px;\n}\n<\/style>\n\t<\/div>\n\n\t\n\n\t<div id=\"col-1946239255\" class=\"col bloki medium-4 small-12 large-4\"  >\n\t\t<div class=\"col-inner\"  >\n\t\t\t\n\t\t\t\n\n<\/p>\n<p style=\"text-align: center;\"><span style=\"font-size: 14pt;\"><strong>Armenian World<\/strong><\/span><br \/>\n<a href=\"https:\/\/goo.gl\/maps\/3EB8Za7rosN2\" target=\"_blank\" rel=\"noopener noreferrer\">Onze-Lieve-Vrouwestraat 78 2800 Mechelen Belgi\u00eb<\/a><br \/>\nTel: +32 155 590 33 of +32 487 177 931<br \/>\n<a href=\"https:\/\/www.facebook.com\/ArmenianWORLD2008\/\" target=\"_blank\" rel=\"noopener noreferrer\">facebook:\/Armenian World<\/a><\/p>\n\n\t\t<\/div>\n\t\t\n<style>\n#col-1946239255 > .col-inner {\n  padding: 40px 0px 0px 0px;\n}\n<\/style>\n\t<\/div>\n\n\t\n\n\t<div id=\"col-2074489872\" class=\"col bloki medium-4 small-12 large-4\"  >\n\t\t<div class=\"col-inner\"  >\n\t\t\t\n\t\t\t\n\n<\/p>\n<p style=\"text-align: center;\"><span style=\"font-size: 14pt;\"><strong>Tatlim Supermarche<\/strong><\/span><\/p>\n<p><a href=\"https:\/\/goo.gl\/maps\/dbgqMYxQyc42\" target=\"_blank\" rel=\"noopener noreferrer\">rue L\u00e9opold 1 459-461 1090 Brussels Belgi\u00eb<\/a><br \/>\nTel: +32 486 663 372 of +32 484 652 105<br \/>\nfacebook:<a href=\"https:\/\/www.facebook.com\/Tatlim-market-1481833742089594\/\" target=\"_blank\" rel=\"noopener noreferrer\">\/Tatlim-market<\/a><\/p>\n\n\t\t<\/div>\n\t\t\n<style>\n#col-2074489872 > .col-inner {\n  padding: 40px 0px 0px 0px;\n}\n<\/style>\n\t<\/div>\n\n\t\n\n\n<style>\n#row-706030141 > .col > .col-inner {\n  padding: 0px 0px 0px 0px;\n}\n<\/style>\n<\/div>\n\t<div id=\"gap-2080105391\" class=\"gap-element clearfix\" style=\"display:block; height:auto;\">\n\t\t\n<style>\n#gap-2080105391 {\n  padding-top: 14px;\n}\n<\/style>\n\t<\/div>\n\t\n\n<div class=\"row\"  id=\"row-268954970\">\n\n\n\t<div id=\"col-2144998618\" class=\"col bloki medium-4 small-12 large-4\"  >\n\t\t<div class=\"col-inner\"  >\n\t\t\t\n\t\t\t\n\n<\/p>\n<p style=\"text-align: center;\"><span style=\"font-size: 14pt;\"><strong>Sima Supermarkt<\/strong><\/span><br \/>\nNekkerspoelstraat 115 2800 Mechelen Belgi\u00eb<\/p>\n<p>Tel: +32 155 590 33<\/p>\n\n\t\t<\/div>\n\t\t\n<style>\n#col-2144998618 > .col-inner {\n  padding: 40px 0px 0px 0px;\n}\n<\/style>\n\t<\/div>\n\n\t\n\n\t<div id=\"col-490884724\" class=\"col bloki medium-4 small-12 large-4\"  >\n\t\t<div class=\"col-inner\"  >\n\t\t\t\n\t\t\t\n\n<p style=\"text-align: center;\"><span style=\"font-size: 14pt;\"><strong>Freshmed<\/strong><\/span><br \/>\nFinest Food Market<br \/>\n<a href=\"https:\/\/goo.gl\/maps\/GxodYfxX6Ay\" target=\"_blank\" rel=\"noopener noreferrer\">Rue de l&#8217;escadron 35 1040 Etterbeek, Belgi\u00eb<\/a><br \/>\nTel +32 273 605 28<br \/>\ne-mail: info@freshmed.be<br \/>\n<a href=\"http:\/\/freshmed.be\/fr\/home-page\/\" target=\"_blank\" rel=\"noopener noreferrer\">www.freshmed.be<\/a><\/p><\/p>\n\n\t\t<\/div>\n\t\t\n<style>\n#col-490884724 > .col-inner {\n  padding: 40px 0px 0px 0px;\n}\n<\/style>\n\t<\/div>\n\n\t\n\n\t<div id=\"col-1084598570\" class=\"col bloki medium-4 small-12 large-4\"  >\n\t\t<div class=\"col-inner\"  >\n\t\t\t\n\t\t\t\n\n<\/p>\n<p style=\"text-align: center;\"><strong><span style=\"font-size: 14pt;\">La Villagio<\/span><\/strong><br \/>\n<a href=\"https:\/\/goo.gl\/maps\/vAT9NrhmpnA2\" target=\"_blank\" rel=\"noopener noreferrer\">Bredabaan 585, 2170 Merksem, Belgi\u00eb<\/a><br \/>\nTel: +32 343 75 629<br \/>\nFacebook:\/<a href=\"https:\/\/www.facebook.com\/christ.gaspar?hc_ref=ARSLgWqJcB94Ds80oeFbimEivgcNlAHgDiL9UbfER3xEwjZ4QBUDZnESAWl264kyY8c&amp;fref=nf&amp;__xts__&#091;0&#093;=68.ARBEa3H2Sdp48H0gQuuP3QDsT1QCDY9NCYIHjS_7qge2lAk1PCc1HE9cko6U66GOwjj3ZjaK0hI7W22AAzAaaJ_xP-5VlM2rC71vI0PSe0D_sW6o2xoKUJMxNbG5oksvki2owJo&amp;__tn__=C-R\" target=\"_blank\" rel=\"noopener noreferrer\"><span style=\"font-size: 12pt;\">La Villagio<\/span><\/a><\/p>\n\n\t\t<\/div>\n\t\t\n<style>\n#col-1084598570 > .col-inner {\n  padding: 40px 0px 0px 0px;\n}\n<\/style>\n\t<\/div>\n\n\t\n\n\n<style>\n#row-268954970 > .col > .col-inner {\n  padding: 0px 0px 0px 0px;\n}\n<\/style>\n<\/div>\n\t<div id=\"gap-369375502\" class=\"gap-element clearfix\" style=\"display:block; height:auto;\">\n\t\t\n<style>\n#gap-369375502 {\n  padding-top: 60px;\n}\n<\/style>\n\t<\/div>\n\t\n\n<h2 class=\"hoofd\">Magasins aux Pays-Bas&nbsp;<a href=\"https:\/\/ludas.be\/partners\/nl-flag\/\"><img loading=\"lazy\" decoding=\"async\" class=\"alignnone wp-image-2756\" src=\"https:\/\/ludas.be\/wp-content\/uploads\/2018\/08\/NL-flag-300x200.jpg\" alt=\"\" width=\"38\" height=\"25\"><\/a><\/h2>\n<div class=\"row\"  id=\"row-1918868547\">\n\n\n\t<div id=\"col-1936925159\" class=\"col bloki medium-4 small-12 large-4\"  >\n\t\t<div class=\"col-inner\"  >\n\t\t\t\n\t\t\t\n\n<p style=\"text-align: center;\"><a href=\"http:\/\/priwetrossia.nl\/\" target=\"_blank\" rel=\"noopener noreferrer\"><span style=\"font-size: 14pt;\"><strong>Priwet Rossia<\/strong><\/span><\/a><br \/>\nRussian supermarket<br \/>\n<a href=\"https:\/\/goo.gl\/maps\/WTtvozq4Prv\" target=\"_blank\" rel=\"noopener noreferrer\">Vijzelstraat 87 1017 HG Amsterdam Nederland<\/a><br \/>\nTel: +31 643 282 788 of +31 202 236 685<br \/>\ne-mail: info@priwetrossia.nl<br \/>\n<a href=\"http:\/\/priwetrossia.nl\/\" target=\"_blank\" rel=\"noopener noreferrer\">www.priwetrossia.nl<\/a><\/p>\n\n\t\t<\/div>\n\t\t\n<style>\n#col-1936925159 > .col-inner {\n  padding: 40px 0px 0px 0px;\n}\n<\/style>\n\t<\/div>\n\n\t\n\n\t<div id=\"col-1662995022\" class=\"col bloki medium-4 small-12 large-4\"  >\n\t\t<div class=\"col-inner\"  >\n\t\t\t\n\t\t\t\n\n<p style=\"text-align: center;\"><a href=\"http:\/\/www.slavjanskidvor.nl\" target=\"_blank\" rel=\"noopener noreferrer\"><span style=\"font-size: 14pt;\"><strong>Slavjanski Dvor<\/strong><\/span><\/a><br \/>\nRussische &amp; Oosteuropese supermarkt<br \/>\n<a href=\"https:\/\/goo.gl\/maps\/EJrdLvDe6dr\" target=\"_blank\" rel=\"noopener noreferrer\">Amsterdamsestraatweg 316, 3551 CT Utrecht<\/a><br \/>\nTel: +31 302 443 352 of +31 648 775 156<br \/>\ne-mail: info@slavjanskidvor.nl<br \/>\n<a href=\"http:\/\/slavjanskidvor.nl\/\" target=\"_blank\" rel=\"noopener noreferrer\">www.slavjanskidvor.nl<\/a><\/p>\n\n\t\t<\/div>\n\t\t\n<style>\n#col-1662995022 > .col-inner {\n  padding: 40px 0px 0px 0px;\n}\n<\/style>\n\t<\/div>\n\n\t\n\n\t<div id=\"col-63416701\" class=\"col bloki medium-4 small-12 large-4\"  >\n\t\t<div class=\"col-inner\"  >\n\t\t\t\n\t\t\t\n\n<p style=\"text-align: center;\"><span style=\"font-size: 14pt;\"><strong>M-Markt<\/strong><\/span><br \/>\n<a href=\"https:\/\/goo.gl\/maps\/3uup9YFfwM22\" target=\"_blank\" rel=\"noopener noreferrer\">Onze-live Vrouwestraat 92 2800 Mechelen Belgi\u00eb<\/a><br \/>\nTel: +32 15636266 of&nbsp;+32 485 970201<br \/>\nwebsite: www.rumarkt.be<\/p>\n\n\t\t<\/div>\n\t\t\n<style>\n#col-63416701 > .col-inner {\n  padding: 40px 0px 0px 0px;\n}\n<\/style>\n\t<\/div>\n\n\t\n\n<\/div>\n\t<div id=\"gap-1330895487\" class=\"gap-element clearfix\" style=\"display:block; height:auto;\">\n\t\t\n<style>\n#gap-1330895487 {\n  padding-top: 14px;\n}\n<\/style>\n\t<\/div>\n\t\n\n<div class=\"row\"  id=\"row-1223339130\">\n\n\n\t<div id=\"col-510270177\" class=\"col bloki medium-4 small-12 large-4\"  >\n\t\t<div class=\"col-inner\"  >\n\t\t\t\n\t\t\t\n\n<p style=\"text-align: center;\"><a href=\"http:\/\/www.bogatir.nl\/\" target=\"_blank\" rel=\"noopener noreferrer\"><span style=\"font-size: 14pt;\"><strong>Supermarkt Bogatir<\/strong><\/span><\/a><br \/>\nRussian supermarket<br \/>\n<a href=\"https:\/\/goo.gl\/maps\/1BfNz7j6Q912\">Hoogstraat 97A 3011 PK Rotterdam<\/a><br \/>\nTel: +31 010-4149 913<br \/>\ne-mail: bogatir.nl@gmail.com<br \/>\n<a href=\"http:\/\/www.bogatir.nl\/\" target=\"_blank\" rel=\"noopener noreferrer\">http:\/\/www.bogatir.nl\/<\/a><\/p>\n\n\t\t<\/div>\n\t\t\t<\/div>\n\n\t\n\n\t<div id=\"col-1255269010\" class=\"col bloki medium-4 small-12 large-4\"  >\n\t\t<div class=\"col-inner\"  >\n\t\t\t\n\t\t\t\n\n<p style=\"text-align: center;\"><a href=\"https:\/\/goo.gl\/maps\/fXgkYj5cS4xJ3dVG7\"><strong>ARAX Market<\/strong><\/a><br \/>Ootmarsumsestraat 250<br \/>7603 AP Almelo <br> Tel: +31 (0)6 24263197 \/ +31 (0)6 43893826<br \/>info@araxmarket.nl<br \/><a href=\"https:\/\/www.araxmarket.nl\/\">www.araxmarket.nl\/<\/a><\/p>\n\n\t\t<\/div>\n\t\t\t<\/div>\n\n\t\n\n<\/div>\n\t<div id=\"gap-171202215\" class=\"gap-element clearfix\" style=\"display:block; height:auto;\">\n\t\t\n<style>\n#gap-171202215 {\n  padding-top: 60px;\n}\n<\/style>\n\t<\/div>\n\t\n\n<h2 class=\"hoofd\">Magasins en France&nbsp;<img loading=\"lazy\" decoding=\"async\" class=\"alignnone wp-image-2753\" src=\"https:\/\/ludas.be\/wp-content\/uploads\/2018\/08\/frans-flag.png\" alt=\"\" width=\"44\" height=\"29\"><\/h2>\n<div class=\"row\"  id=\"row-828241016\">\n\n\n\t<div id=\"col-1334036099\" class=\"col bloki medium-4 small-12 large-4\"  >\n\t\t<div class=\"col-inner\"  >\n\t\t\t\n\t\t\t\n\n<p style=\"text-align: center;\"><span style=\"font-size: 14pt;\"><strong><span style=\"font-size: 14pt;\">Epicerie <\/span><span style=\"font-size: 18pt;\"><span style=\"color: #ff0000;\">S<\/span><span style=\"color: #3366ff;\">E<\/span><span style=\"color: #ff6600;\">R<\/span><\/span><\/strong><\/span><br \/>\nRussian supermarket<br \/>\n8 Route du Pav\u00e9 Blanc 92140 Clamart, Frankrijk<br \/>\nTel: +33 140 940 765<\/p>\n\n\t\t<\/div>\n\t\t\n<style>\n#col-1334036099 > .col-inner {\n  padding: 40px 0px 0px 0px;\n}\n<\/style>\n\t<\/div>\n\n\t\n\n\t<div id=\"col-1754580689\" class=\"col bloki medium-4 small-12 large-4\"  >\n\t\t<div class=\"col-inner\"  >\n\t\t\t\n\t\t\t\n\n<p style=\"text-align: center;\"><span style=\"font-size: 14pt;\"><strong>MIKS Markt<\/strong><\/span><br \/>\nProduits de l&#8217;Europe de l&#8217;Est<br \/>\n25 Rue Daubenton, 21000 Dijon, Frankrijk<br \/>\nTel: +33 950 961 692 of&nbsp;+33 752 739 998<\/p>\n\n\t\t<\/div>\n\t\t\n<style>\n#col-1754580689 > .col-inner {\n  padding: 40px 0px 0px 0px;\n}\n<\/style>\n\t<\/div>\n\n\t\n\n\t<div id=\"col-1631577486\" class=\"col bloki medium-4 small-12 large-4\"  >\n\t\t<div class=\"col-inner\"  >\n\t\t\t\n\t\t\t\n\n<p style=\"text-align: center;\"><span style=\"font-size: 14pt;\"><strong>Arbat Lyon<\/strong><\/span><br \/>\nVotre Boutique De Produits Russes<br \/>\n<a href=\"https:\/\/goo.gl\/maps\/cFMgZrL4XqD2\" target=\"_blank\" rel=\"noopener noreferrer\">10 Petite rue de la Viabert, 69006 Lyon,&nbsp; Frankrijk<\/a><br \/>\nTel: +33 437 2473 15<br \/>\ne-mail: contact@arbat-lyon.fr<br \/>\n<a href=\"http:\/\/www.arbat-lyon.fr\" target=\"_blank\" rel=\"noopener noreferrer\">www.arbat-lyon.fr<\/a><\/p>\n\n\t\t<\/div>\n\t\t\n<style>\n#col-1631577486 > .col-inner {\n  padding: 40px 0px 0px 0px;\n}\n<\/style>\n\t<\/div>\n\n\t\n\n<\/div>\n\t<div id=\"gap-1607092630\" class=\"gap-element clearfix\" style=\"display:block; height:auto;\">\n\t\t\n<style>\n#gap-1607092630 {\n  padding-top: 14px;\n}\n<\/style>\n\t<\/div>\n\t\n\n<div class=\"row\"  id=\"row-347122677\">\n\n\n\t<div id=\"col-1171917244\" class=\"col bloki medium-4 small-12 large-4\"  >\n\t\t<div class=\"col-inner\"  >\n\t\t\t\n\t\t\t\n\n<p style=\"text-align: center;\"><span style=\"font-size: 14pt;\"><strong>Le Transsiberien<\/strong><\/span><br \/>\nEpicerie Armenienne et Slave<br \/>\n<a href=\"https:\/\/goo.gl\/maps\/8Z6Ev59rgu32\" target=\"_blank\" rel=\"noopener noreferrer\">9 Rue Denfert Rochereau, 73000 Chamb\u00e9ry, Frankrijk<\/a><br \/>\nTel: +33 952 57 4918 of +33 658 293 223<br \/>\ne-mail: transsiberien-chy@live.nl<\/p>\n\n\t\t<\/div>\n\t\t\n<style>\n#col-1171917244 > .col-inner {\n  padding: 40px 0px 0px 0px;\n}\n<\/style>\n\t<\/div>\n\n\t\n\n\t<div id=\"col-266529787\" class=\"col bloki medium-4 small-12 large-4\"  >\n\t\t<div class=\"col-inner\"  >\n\t\t\t\n\t\t\t\n\n<p style=\"text-align: center;\"><span style=\"font-size: 14pt;\"><strong>Delices De La<\/strong><\/span><br \/>\nEpicerie Des Pays De L&#8217;est<br \/>\n<a href=\"https:\/\/goo.gl\/maps\/UGUup5CcSf22\" target=\"_blank\" rel=\"noopener noreferrer\">39 Avenue F\u00e9lix Faure, Lyon 69003, Frankrijk<\/a><br \/>\nTel: +33 472 619 349 of&nbsp;+33 685 149 431<\/p>\n\n\t\t<\/div>\n\t\t\n<style>\n#col-266529787 > .col-inner {\n  padding: 40px 0px 0px 0px;\n}\n<\/style>\n\t<\/div>\n\n\t\n\n\t<div id=\"col-221132082\" class=\"col bloki medium-4 small-12 large-4\"  >\n\t\t<div class=\"col-inner\"  >\n\t\t\t\n\t\t\t\n\n<p style=\"text-align: center;\"><span style=\"font-size: 14pt;\"><strong>Epicerie de l&#8217;Est &#8220;EREVAN&#8221;<\/strong><\/span><\/p>\n<p><a href=\"https:\/\/goo.gl\/maps\/ZpqmivtLDm42\" target=\"_blank\" rel=\"noopener noreferrer\">23, Boulevard de l&#8217;Europe 54500 Vand\u0153uvre-l\u00e8s-Nancy<\/a><br \/>\nTel: +33 383 539 268 of +33 698 853 317 of +33 658 475 551<br \/>\ne-mail: goargrigorian@outlook.fr<br \/>\nFacebook:&nbsp;<a href=\"https:\/\/www.facebook.com\/erevan.marche.9\" target=\"_blank\" rel=\"noopener noreferrer\">facebook.com\/erevan.marche.9<\/a><\/p>\n\n\t\t<\/div>\n\t\t\n<style>\n#col-221132082 > .col-inner {\n  padding: 40px 0px 0px 0px;\n}\n<\/style>\n\t<\/div>\n\n\t\n\n<\/div>\n\t<div id=\"gap-1569539588\" class=\"gap-element clearfix\" style=\"display:block; height:auto;\">\n\t\t\n<style>\n#gap-1569539588 {\n  padding-top: 14px;\n}\n<\/style>\n\t<\/div>\n\t\n\n<div class=\"row\"  id=\"row-566368846\">\n\n\n\t<div id=\"col-562647628\" class=\"col bloki medium-4 small-12 large-4\"  >\n\t\t<div class=\"col-inner\"  >\n\t\t\t\n\t\t\t\n\n<p style=\"text-align: center;\"><span style=\"font-size: 18pt; font-family: 'arial black', sans-serif;\"><strong><span style=\"color: #ff0000;\">al<\/span><span style=\"color: #3366ff;\">in<\/span><span style=\"color: #ff6600;\">ka<\/span><\/strong><\/span><br \/>\nSp\u00e9cialit\u00e9s Russes &amp; Arm\u00e9niennes<br \/>\n<a href=\"https:\/\/goo.gl\/maps\/7kG6cMMHaUR2\" target=\"_blank\" rel=\"noopener noreferrer\">14 Rue de la Fraternit\u00e9, 69150 D\u00e9cines-Charpieu, Frankrijk<\/a><br \/>\nTel: +33 472 939 169 of +33 950 222 471<br \/>\ne-mail: harutikjan@live.fr of alinka69150@gmail.com<\/p>\n\n\t\t<\/div>\n\t\t\n<style>\n#col-562647628 > .col-inner {\n  padding: 40px 0px 0px 0px;\n}\n<\/style>\n\t<\/div>\n\n\t\n\n\t<div id=\"col-857881234\" class=\"col bloki medium-4 small-12 large-4\"  >\n\t\t<div class=\"col-inner\"  >\n\t\t\t\n\t\t\t\n\n<p style=\"text-align: center;\"><span style=\"font-size: 14pt;\"><strong>Espace Armenia<\/strong><\/span><br \/>\n<a href=\"https:\/\/goo.gl\/maps\/cJHmG4QZ8gx\" target=\"_blank\" rel=\"noopener noreferrer\">21 Boulevard Jamin, 51100 Reims, Frankrijk<\/a><br \/>\nTel: +33 652 427 268 of +33 695 192 171<br \/>\ne-mail: espace-armenia@hotmail.com<\/p>\n\n\t\t<\/div>\n\t\t\n<style>\n#col-857881234 > .col-inner {\n  padding: 40px 0px 0px 0px;\n}\n<\/style>\n\t<\/div>\n\n\t\n\n\t<div id=\"col-865587848\" class=\"col bloki medium-4 small-12 large-4\"  >\n\t\t<div class=\"col-inner\"  >\n\t\t\t\n\t\t\t\n\n<p style=\"text-align: center;\"><strong><span style=\"font-size: 14pt;\">Sebastia<\/span><\/strong><br \/>\nArm\u00e9niennes Sp\u00e9cialit\u00e9s<br \/>\n<a href=\"https:\/\/goo.gl\/maps\/dPNXkik8viG2\" target=\"_blank\" rel=\"noopener noreferrer\">45 Avenue Antoine de Saint-Exup\u00e9ry 69100 Villeurbanne Frankrijk<\/a><br \/>\nTel: +33 478 858 343&nbsp; of +33 667 795 963<br \/>\ne-mail: sebastia69@laposte.net<br \/>\nFacebook:&nbsp;facebook.com\/magasin.sebastia<\/p>\n\n\t\t<\/div>\n\t\t\n<style>\n#col-865587848 > .col-inner {\n  padding: 40px 0px 0px 0px;\n}\n<\/style>\n\t<\/div>\n\n\t\n\n<\/div>\n\t<div id=\"gap-1335124265\" class=\"gap-element clearfix\" style=\"display:block; height:auto;\">\n\t\t\n<style>\n#gap-1335124265 {\n  padding-top: 14px;\n}\n<\/style>\n\t<\/div>\n\t\n\n<div class=\"row\"  id=\"row-703976743\">\n\n\n\t<div id=\"col-1180379724\" class=\"col bloki medium-4 small-12 large-4\"  >\n\t\t<div class=\"col-inner\"  >\n\t\t\t\n\t\t\t\n\n<p style=\"text-align: center;\"><strong><span style=\"font-size: 14pt;\">Hay Ararat<\/span><\/strong><br \/>\nEpicerie fine Traiteur<br \/>\n<a href=\"https:\/\/goo.gl\/maps\/kQSS2mpQNBU2\" target=\"_blank\" rel=\"noopener noreferrer\">116, rue Etienne Dolet, 94140 Alfortville<\/a><br \/>\ne-mail: 116ararat@free.fr<br \/>\nTel: +33 143 762 762<br \/>\nFacebook:&nbsp;<a href=\"https:\/\/www.facebook.com\/hay.ararat\" target=\"_blank\" rel=\"noopener noreferrer\">facebook.com\/hay.ararat<\/a><\/p>\n\n\t\t<\/div>\n\t\t\n<style>\n#col-1180379724 > .col-inner {\n  padding: 40px 0px 0px 0px;\n}\n<\/style>\n\t<\/div>\n\n\t\n\n\t<div id=\"col-1673023998\" class=\"col bloki medium-4 small-12 large-4\"  >\n\t\t<div class=\"col-inner\"  >\n\t\t\t\n\t\t\t\n\n<p style=\"text-align: center;\"><a href=\"http:\/\/www.bahadourian.com\" target=\"_blank\" rel=\"noopener noreferrer\"><span style=\"font-size: 14pt;\"><strong>Bahadourian<\/strong><\/span><\/a><br \/>\nEpicier Depuis 1929<br \/>\n<a href=\"https:\/\/goo.gl\/maps\/uLf3ZDkZfZN2\" target=\"_blank\" rel=\"noopener noreferrer\">20 Rue Villeroy, 69003 Lyon, Frankrijk<\/a><br \/>\nTel: +33 478 603 210<br \/>\ne-mail: contact@bahadourian.com<br \/>\n<a href=\"https:\/\/www.bahadourian.com\/\" target=\"_blank\" rel=\"noopener noreferrer\">www.bahadourian.com<\/a><\/p>\n\n\t\t<\/div>\n\t\t\n<style>\n#col-1673023998 > .col-inner {\n  padding: 40px 0px 0px 0px;\n}\n<\/style>\n\t<\/div>\n\n\t\n\n<\/div>\n\n","protected":false},"excerpt":{"rendered":"<p>Magasins en Belgique&nbsp; Magasins aux Pays-Bas&nbsp; Magasins en France&nbsp;<\/p>\n","protected":false},"author":1,"featured_media":0,"parent":0,"menu_order":0,"comment_status":"closed","ping_status":"closed","template":"","meta":{"footnotes":""},"class_list":["post-3796","page","type-page","status-publish","hentry"],"_links":{"self":[{"href":"https:\/\/ludas.be\/fr\/wp-json\/wp\/v2\/pages\/3796","targetHints":{"allow":["GET"]}}],"collection":[{"href":"https:\/\/ludas.be\/fr\/wp-json\/wp\/v2\/pages"}],"about":[{"href":"https:\/\/ludas.be\/fr\/wp-json\/wp\/v2\/types\/page"}],"author":[{"embeddable":true,"href":"https:\/\/ludas.be\/fr\/wp-json\/wp\/v2\/users\/1"}],"replies":[{"embeddable":true,"href":"https:\/\/ludas.be\/fr\/wp-json\/wp\/v2\/comments?post=3796"}],"version-history":[{"count":59,"href":"https:\/\/ludas.be\/fr\/wp-json\/wp\/v2\/pages\/3796\/revisions"}],"predecessor-version":[{"id":5791,"href":"https:\/\/ludas.be\/fr\/wp-json\/wp\/v2\/pages\/3796\/revisions\/5791"}],"wp:attachment":[{"href":"https:\/\/ludas.be\/fr\/wp-json\/wp\/v2\/media?parent=3796"}],"curies":[{"name":"wp","href":"https:\/\/api.w.org\/{rel}","templated":true}]}}