{"id":8476,"date":"2025-08-10T15:56:18","date_gmt":"2025-08-10T15:56:18","guid":{"rendered":"https:\/\/ludas.be\/fr\/?post_type=product&#038;p=8476"},"modified":"2025-08-10T15:57:34","modified_gmt":"2025-08-10T15:57:34","slug":"apache-batonnets-de-mais-au-lait-12x85g","status":"publish","type":"product","link":"https:\/\/ludas.be\/fr\/produit\/apache-batonnets-de-mais-au-lait-12x85g\/","title":{"rendered":"Apach\u00eb B\u00e2tonnets de ma\u00efs au lait 12x85g"},"content":{"rendered":"","protected":false},"excerpt":{"rendered":"<table style=\"height: 189px; width: 101.568%; border-collapse: collapse; border-style: inset;\" border=\"1\">\n<tbody>\n<tr style=\"height: 24px;\">\n<td style=\"width: 35.2343%; height: 24px;\">\n<h4>Marque<\/h4>\n<\/td>\n<td style=\"width: 64.4734%; border-style: dotted; height: 24px;\">\n<h4 class=\"product-title product_title entry-title\">Apach\u00eb<\/h4>\n<\/td>\n<\/tr>\n<tr style=\"height: 24px;\">\n<td style=\"width: 35.2343%; height: 24px;\">Capacit\u00e9<\/td>\n<td style=\"width: 64.4734%; height: 24px;\" scope=\"row\">85g<\/td>\n<\/tr>\n<tr style=\"height: 24px;\">\n<td style=\"width: 35.2343%; height: 24px;\">Emballage<\/td>\n<td style=\"width: 64.4734%; height: 24px;\">12 pi\u00e8ces<\/td>\n<\/tr>\n<tr style=\"height: 24px;\">\n<td style=\"width: 35.2343%; height: 24px;\">Minimum de commande<\/td>\n<td style=\"width: 64.4734%; border-style: double; height: 24px;\"><\/td>\n<\/tr>\n<\/tbody>\n<\/table>\n","protected":false},"featured_media":8443,"template":"","meta":[],"product_brand":[],"product_cat":[673],"product_tag":[],"class_list":{"0":"post-8476","1":"product","2":"type-product","3":"status-publish","4":"has-post-thumbnail","6":"product_cat-div","7":"pa_categorie-div","8":"pa_merk-apache","10":"first","11":"instock","12":"taxable","13":"shipping-taxable","14":"purchasable","15":"product-type-simple"},"_links":{"self":[{"href":"https:\/\/ludas.be\/fr\/wp-json\/wp\/v2\/product\/8476","targetHints":{"allow":["GET"]}}],"collection":[{"href":"https:\/\/ludas.be\/fr\/wp-json\/wp\/v2\/product"}],"about":[{"href":"https:\/\/ludas.be\/fr\/wp-json\/wp\/v2\/types\/product"}],"wp:featuredmedia":[{"embeddable":true,"href":"https:\/\/ludas.be\/fr\/wp-json\/wp\/v2\/media\/8443"}],"wp:attachment":[{"href":"https:\/\/ludas.be\/fr\/wp-json\/wp\/v2\/media?parent=8476"}],"wp:term":[{"taxonomy":"product_brand","embeddable":true,"href":"https:\/\/ludas.be\/fr\/wp-json\/wp\/v2\/product_brand?post=8476"},{"taxonomy":"product_cat","embeddable":true,"href":"https:\/\/ludas.be\/fr\/wp-json\/wp\/v2\/product_cat?post=8476"},{"taxonomy":"product_tag","embeddable":true,"href":"https:\/\/ludas.be\/fr\/wp-json\/wp\/v2\/product_tag?post=8476"}],"curies":[{"name":"wp","href":"https:\/\/api.w.org\/{rel}","templated":true}]}}